{"id":91,"date":"2020-12-02T17:02:09","date_gmt":"2020-12-02T16:02:09","guid":{"rendered":"http:\/\/woodymues.de\/main\/?page_id=91"},"modified":"2021-04-04T15:32:44","modified_gmt":"2021-04-04T13:32:44","slug":"impressum","status":"publish","type":"page","link":"https:\/\/woodymues.de\/main\/impressum\/","title":{"rendered":"impressum"},"content":{"rendered":"\n<p><strong>Impressum<\/strong><\/p>\n\n\n\n<p>Sie erreichen mich per Mail unter:<\/p>\n\n\n\n<p><a href=\"mailto:kontakt@woodymues.de\">kontakt@woodymues.de<\/a><\/p>\n\n\n\n<p>Oder postalisch:<\/p>\n\n\n\n<p>Woody Mues c\/o KBB Theaterakademie<br>Hochschule f\u00fcr Musik und Theater<br>Wiesendamm 24A<br>22305 Hamburg<\/p>\n\n\n\n<p><strong>Haftungsausschluss:<\/strong><\/p>\n\n\n\n<p><strong>Haftung f\u00fcr Inhalte<\/strong><br>Die Inhalte dieser Seiten wurden mit gr\u00f6\u00dfter Sorgfalt erstellt. F\u00fcr die Richtigkeit, Vollst\u00e4ndigkeit und Aktualit\u00e4t der Inhalte kann ich&nbsp;jedoch keine Gew\u00e4hr \u00fcbernehmen.<\/p>\n\n\n\n<p><strong>Haftung f\u00fcr Links<\/strong><br>Mein Angebot enth\u00e4lt Links zu externen Webseiten Dritter, auf deren Inhalte ich keinen Einfluss habe. Deshalb kann ich&nbsp;f\u00fcr diese fremden Inhalte auch keine Gew\u00e4hr \u00fcbernehmen. F\u00fcr die Inhalte der verlinkten Seiten ist stets der jeweilige Anbieter oder Betreiber der Seiten verantwortlich. Die verlinkten Seiten wurden zum Zeitpunkt der Verlinkung auf m\u00f6gliche Rechtsverst\u00f6\u00dfe \u00fcberpr\u00fcft. Rechtswidrige Inhalte waren zum Zeitpunkt der Verlinkung nicht erkennbar. Bei Bekanntwerden von Rechtsverletzungen werden wir derartige Links umgehend entfernen.<\/p>\n\n\n\n<p><strong>Urheberrecht<\/strong><br>Die durch die Seitenbetreiber erstellten Inhalte und Werke auf diesen Seiten unterliegen dem deutschen Urheberrecht. Die Vervielf\u00e4ltigung, Bearbeitung, Verbreitung und jede Art der Verwertung au\u00dferhalb der Grenzen des Urheberrechtes bed\u00fcrfen der schriftlichen Zustimmung des jeweiligen Autors bzw. Erstellers. Downloads und Kopien dieser Seite sind nur f\u00fcr den privaten, nicht kommerziellen Gebrauch gestattet. Soweit die Inhalte auf dieser Seite nicht vom Betreiber erstellt wurden, werden die Urheberrechte Dritter beachtet. Insbesondere werden Inhalte Dritter als solche gekennzeichnet. Sollten Sie trotzdem auf eine Urheberrechtsverletzung aufmerksam werden, bitten wir um einen entsprechenden Hinweis. Bei Bekanntwerden von Rechtsverletzungen werden wir derartige Inhalte umgehend entfernen.<\/p>\n","protected":false},"excerpt":{"rendered":"<p>Impressum Sie erreichen mich per Mail unter: kontakt@woodymues.de Oder postalisch: Woody Mues c\/o KBB TheaterakademieHochschule f\u00fcr Musik und TheaterWiesendamm 24A22305 Hamburg Haftungsausschluss: Haftung f\u00fcr InhalteDie Inhalte dieser Seiten wurden mit gr\u00f6\u00dfter Sorgfalt erstellt. F\u00fcr die Richtigkeit, Vollst\u00e4ndigkeit und Aktualit\u00e4t der Inhalte kann ich&nbsp;jedoch keine Gew\u00e4hr \u00fcbernehmen. Haftung f\u00fcr LinksMein Angebot enth\u00e4lt Links zu externen Webseiten [&hellip;]<\/p>\n","protected":false},"author":1,"featured_media":0,"parent":0,"menu_order":0,"comment_status":"closed","ping_status":"closed","template":"","meta":{"ngg_post_thumbnail":0},"_links":{"self":[{"href":"https:\/\/woodymues.de\/main\/wp-json\/wp\/v2\/pages\/91"}],"collection":[{"href":"https:\/\/woodymues.de\/main\/wp-json\/wp\/v2\/pages"}],"about":[{"href":"https:\/\/woodymues.de\/main\/wp-json\/wp\/v2\/types\/page"}],"author":[{"embeddable":true,"href":"https:\/\/woodymues.de\/main\/wp-json\/wp\/v2\/users\/1"}],"replies":[{"embeddable":true,"href":"https:\/\/woodymues.de\/main\/wp-json\/wp\/v2\/comments?post=91"}],"version-history":[{"count":8,"href":"https:\/\/woodymues.de\/main\/wp-json\/wp\/v2\/pages\/91\/revisions"}],"predecessor-version":[{"id":1089,"href":"https:\/\/woodymues.de\/main\/wp-json\/wp\/v2\/pages\/91\/revisions\/1089"}],"wp:attachment":[{"href":"https:\/\/woodymues.de\/main\/wp-json\/wp\/v2\/media?parent=91"}],"curies":[{"name":"wp","href":"https:\/\/api.w.org\/{rel}","templated":true}]}}