{"id":877,"date":"2021-02-23T05:04:41","date_gmt":"2021-02-23T04:04:41","guid":{"rendered":"http:\/\/woodymues.de\/main\/?page_id=877"},"modified":"2024-11-28T15:53:40","modified_gmt":"2024-11-28T14:53:40","slug":"geschriebenes","status":"publish","type":"page","link":"https:\/\/woodymues.de\/main\/geschriebenes\/","title":{"rendered":"Geschriebenes"},"content":{"rendered":"\n<div class=\"wp-block-columns are-vertically-aligned-bottom\">\n<div class=\"wp-block-column is-vertically-aligned-bottom\" style=\"flex-basis:66.66%\">\n<h1>geschriebenes<\/h1>\n\n\n\n<p><br>Eine Auswahl meiner (Theater-) Texte. (Klicken Sie auf den Namen eines Textes, um ihn zu lesen.)<br><\/p>\n\n\n\n<hr class=\"wp-block-separator has-text-color has-background is-style-wide\" style=\"background-color:#121212;color:#121212\"\/>\n\n\n\n<div class=\"wp-block-group\"><div class=\"wp-block-group__inner-container\">\n<div class=\"wp-block-columns are-vertically-aligned-bottom\">\n<div class=\"wp-block-column is-vertically-aligned-bottom\" style=\"flex-basis:33.33%\">\n<h4><a href=\"http:\/\/woodymues.de\/main\/2021\/02\/23\/wal-monolog\/\" data-type=\"post\" data-id=\"874\">wal monolog<\/a>, 2020<\/h4>\n<\/div>\n\n\n\n<div class=\"wp-block-column is-vertically-aligned-bottom\" style=\"flex-basis:66.66%\">\n<p><em>&#8220;Weltuntergang ist ein bl\u00f6des Wort. Ginge sie unter, strebte sie auf&nbsp;einen&nbsp;Grund zu, so w\u00fcrde sie sich wenigstens zersetzen.&#8221;<\/em><\/p>\n<\/div>\n<\/div>\n<\/div><\/div>\n\n\n\n<div class=\"wp-block-group\"><div class=\"wp-block-group__inner-container\">\n<div class=\"wp-block-columns are-vertically-aligned-bottom\">\n<div class=\"wp-block-column is-vertically-aligned-bottom\" style=\"flex-basis:33.33%\">\n<h4><a href=\"http:\/\/woodymues.de\/main\/2021\/02\/23\/die-funzel\/\" data-type=\"post\" data-id=\"871\">die funzel<\/a>, 2019<\/h4>\n<\/div>\n\n\n\n<div class=\"wp-block-column is-vertically-aligned-bottom\" style=\"flex-basis:66.66%\">\n<p><em>&#8220;ab und zu geht eine von ihnen mal nah heran, traut sich was. ber\u00fchrt die funzel fast oder zupft auch daran herum.&#8221;<\/em><\/p>\n<\/div>\n<\/div>\n<\/div><\/div>\n\n\n\n<div class=\"wp-block-group\"><div class=\"wp-block-group__inner-container\">\n<div class=\"wp-block-columns are-vertically-aligned-bottom\">\n<div class=\"wp-block-column is-vertically-aligned-bottom\" style=\"flex-basis:33.33%\">\n<h4><a href=\"http:\/\/woodymues.de\/main\/2021\/02\/21\/kopfstueck\/\" data-type=\"post\" data-id=\"668\">kopfst\u00fcck (ausz\u00fcge)<\/a>, 2019<\/h4>\n<\/div>\n\n\n\n<div class=\"wp-block-column is-vertically-aligned-bottom\" style=\"flex-basis:66.66%\">\n<p>&#8220;<em>Was wei\u00df denn die Zelle von dem Organ, das sie bildet, mit den anderen Zellen?<\/em>&#8220;<\/p>\n<\/div>\n<\/div>\n<\/div><\/div>\n\n\n\n<div class=\"wp-block-group\"><div class=\"wp-block-group__inner-container\"><\/div><\/div>\n<\/div>\n\n\n\n<div class=\"wp-block-column is-vertically-aligned-bottom\" style=\"flex-basis:33.33%\">\n<figure class=\"wp-block-image size-large\"><a href=\"http:\/\/woodymues.de\/main\/wp-content\/uploads\/2021\/02\/IMG_2704-3.png\"><img loading=\"lazy\" width=\"845\" height=\"1024\" src=\"http:\/\/woodymues.de\/main\/wp-content\/uploads\/2021\/02\/IMG_2704-3-845x1024.png\" alt=\"\" class=\"wp-image-878\" srcset=\"https:\/\/woodymues.de\/main\/wp-content\/uploads\/2021\/02\/IMG_2704-3-845x1024.png 845w, https:\/\/woodymues.de\/main\/wp-content\/uploads\/2021\/02\/IMG_2704-3-248x300.png 248w, https:\/\/woodymues.de\/main\/wp-content\/uploads\/2021\/02\/IMG_2704-3-768x930.png 768w, https:\/\/woodymues.de\/main\/wp-content\/uploads\/2021\/02\/IMG_2704-3.png 1125w\" sizes=\"(max-width: 845px) 100vw, 845px\" \/><\/a><\/figure>\n<\/div>\n<\/div>\n\n\n\n<figure class=\"wp-block-image size-large\"><a href=\"http:\/\/woodymues.de\/main\/wp-content\/uploads\/2021\/02\/woodyfliege3.jpg\"><img loading=\"lazy\" width=\"1023\" height=\"816\" src=\"http:\/\/woodymues.de\/main\/wp-content\/uploads\/2021\/02\/woodyfliege3.jpg\" alt=\"\" class=\"wp-image-928\" srcset=\"https:\/\/woodymues.de\/main\/wp-content\/uploads\/2021\/02\/woodyfliege3.jpg 1023w, https:\/\/woodymues.de\/main\/wp-content\/uploads\/2021\/02\/woodyfliege3-300x239.jpg 300w, https:\/\/woodymues.de\/main\/wp-content\/uploads\/2021\/02\/woodyfliege3-768x613.jpg 768w\" sizes=\"(max-width: 1023px) 100vw, 1023px\" \/><\/a><\/figure>\n\n\n\n<p>Fotos, B\u00fchnenbild und Kost\u00fcm von: Elisa Porsche (aus einer Performance auf dem Skandal\u00f8s-Festival, Regie: Laura Gericke)<\/p>\n","protected":false},"excerpt":{"rendered":"<p>geschriebenes Eine Auswahl meiner (Theater-) Texte. (Klicken Sie auf den Namen eines Textes, um ihn zu lesen.) Fotos, B\u00fchnenbild und Kost\u00fcm von: Elisa Porsche (aus einer Performance auf dem Skandal\u00f8s-Festival, Regie: Laura Gericke)<\/p>\n","protected":false},"author":1,"featured_media":0,"parent":0,"menu_order":0,"comment_status":"closed","ping_status":"closed","template":"","meta":{"ngg_post_thumbnail":0},"_links":{"self":[{"href":"https:\/\/woodymues.de\/main\/wp-json\/wp\/v2\/pages\/877"}],"collection":[{"href":"https:\/\/woodymues.de\/main\/wp-json\/wp\/v2\/pages"}],"about":[{"href":"https:\/\/woodymues.de\/main\/wp-json\/wp\/v2\/types\/page"}],"author":[{"embeddable":true,"href":"https:\/\/woodymues.de\/main\/wp-json\/wp\/v2\/users\/1"}],"replies":[{"embeddable":true,"href":"https:\/\/woodymues.de\/main\/wp-json\/wp\/v2\/comments?post=877"}],"version-history":[{"count":10,"href":"https:\/\/woodymues.de\/main\/wp-json\/wp\/v2\/pages\/877\/revisions"}],"predecessor-version":[{"id":1465,"href":"https:\/\/woodymues.de\/main\/wp-json\/wp\/v2\/pages\/877\/revisions\/1465"}],"wp:attachment":[{"href":"https:\/\/woodymues.de\/main\/wp-json\/wp\/v2\/media?parent=877"}],"curies":[{"name":"wp","href":"https:\/\/api.w.org\/{rel}","templated":true}]}}