{"id":775,"date":"2021-02-22T23:23:21","date_gmt":"2021-02-22T22:23:21","guid":{"rendered":"http:\/\/woodymues.de\/main\/?page_id=775"},"modified":"2021-03-28T16:12:16","modified_gmt":"2021-03-28T14:12:16","slug":"dramabecher","status":"publish","type":"page","link":"https:\/\/woodymues.de\/main\/dramabecher\/","title":{"rendered":"Dramabecher"},"content":{"rendered":"\n<h4>Dramaturgie aus dem W\u00fcrfelbecher<\/h4>\n\n\n\n<p>Ein Zufallsgenerator f\u00fcr Figuren, Situationen und Konflikte.<\/p>\n\n\n\n<p><em>(Erscheint in K\u00fcrze. Wenn Sie benachrichtigt werden wollen, sobald dieser Inhalt zur Verf\u00fcgung steht, schreiben Sie mir bitte eine Mail an: <\/em><a href=\"mailto:kontakt@woodymues.de\"><strong>kontakt@woodymues.de<\/strong><\/a><em>)<\/em><\/p>\n","protected":false},"excerpt":{"rendered":"<p>Dramaturgie aus dem W\u00fcrfelbecher Ein Zufallsgenerator f\u00fcr Figuren, Situationen und Konflikte. (Erscheint in K\u00fcrze. Wenn Sie benachrichtigt werden wollen, sobald dieser Inhalt zur Verf\u00fcgung steht, schreiben Sie mir bitte eine Mail an: kontakt@woodymues.de)<\/p>\n","protected":false},"author":1,"featured_media":0,"parent":0,"menu_order":0,"comment_status":"closed","ping_status":"closed","template":"","meta":{"ngg_post_thumbnail":0},"_links":{"self":[{"href":"https:\/\/woodymues.de\/main\/wp-json\/wp\/v2\/pages\/775"}],"collection":[{"href":"https:\/\/woodymues.de\/main\/wp-json\/wp\/v2\/pages"}],"about":[{"href":"https:\/\/woodymues.de\/main\/wp-json\/wp\/v2\/types\/page"}],"author":[{"embeddable":true,"href":"https:\/\/woodymues.de\/main\/wp-json\/wp\/v2\/users\/1"}],"replies":[{"embeddable":true,"href":"https:\/\/woodymues.de\/main\/wp-json\/wp\/v2\/comments?post=775"}],"version-history":[{"count":6,"href":"https:\/\/woodymues.de\/main\/wp-json\/wp\/v2\/pages\/775\/revisions"}],"predecessor-version":[{"id":1083,"href":"https:\/\/woodymues.de\/main\/wp-json\/wp\/v2\/pages\/775\/revisions\/1083"}],"wp:attachment":[{"href":"https:\/\/woodymues.de\/main\/wp-json\/wp\/v2\/media?parent=775"}],"curies":[{"name":"wp","href":"https:\/\/api.w.org\/{rel}","templated":true}]}}