{"id":74,"date":"2020-12-02T16:44:23","date_gmt":"2020-12-02T15:44:23","guid":{"rendered":"http:\/\/woodymues.de\/main\/?page_id=74"},"modified":"2025-11-16T18:36:58","modified_gmt":"2025-11-16T17:36:58","slug":"start","status":"publish","type":"page","link":"https:\/\/woodymues.de\/main\/","title":{"rendered":"start"},"content":{"rendered":"\n<div class=\"wp-block-columns are-vertically-aligned-center\">\n<div class=\"wp-block-column is-vertically-aligned-center\" style=\"flex-basis:67%\">\n<h1>Neuigkeiten<\/h1>\n\n\n\n<p class=\"has-text-color\" style=\"color:#2c2c2c\"><span style=\"color:#121212\" class=\"has-inline-color\">&#8211;<\/span><\/p>\n\n\n\n<p class=\"has-normal-font-size\">Im M\u00e4rz 2026 hat <a href=\"https:\/\/www.staatstheater-mainz.com\/veranstaltungen\/schauspiel-25-26\/meister-floh\" data-type=\"URL\" data-id=\"https:\/\/www.staatstheater-mainz.com\/veranstaltungen\/schauspiel-25-26\/meister-floh\">&#8220;Meister Floh&#8221;<\/a>* seine Premiere am Staatstheater Mainz.<\/p>\n\n\n\n<p class=\"has-normal-font-size\">Zuletzt entstanden die Arbeiten &#8220;Das Ende von Iflingen&#8221; (Thalia Theater) und &#8220;Falscher Hase&#8221; (Theater Koblenz). Unter den Men\u00fcpunkten &#8220;Regie&#8221;, &#8220;Sprache&#8221; und &#8220;Heterotopien&#8221; finden Sie einen \u00dcberblick \u00fcber meine weiteren Arbeiten und Projekte.<\/p>\n\n\n\n<p><sub>(* externer Link)<\/sub><\/p>\n<\/div>\n\n\n\n<div class=\"wp-block-column is-vertically-aligned-center\" style=\"flex-basis:33%\">\n<figure class=\"wp-block-image size-large\"><img loading=\"lazy\" width=\"683\" height=\"1024\" src=\"https:\/\/woodymues.de\/main\/wp-content\/uploads\/2024\/05\/L1020626-683x1024.jpeg\" alt=\"\" class=\"wp-image-1385\" srcset=\"https:\/\/woodymues.de\/main\/wp-content\/uploads\/2024\/05\/L1020626-683x1024.jpeg 683w, https:\/\/woodymues.de\/main\/wp-content\/uploads\/2024\/05\/L1020626-200x300.jpeg 200w, https:\/\/woodymues.de\/main\/wp-content\/uploads\/2024\/05\/L1020626-768x1152.jpeg 768w, https:\/\/woodymues.de\/main\/wp-content\/uploads\/2024\/05\/L1020626-1024x1536.jpeg 1024w, https:\/\/woodymues.de\/main\/wp-content\/uploads\/2024\/05\/L1020626-1365x2048.jpeg 1365w, https:\/\/woodymues.de\/main\/wp-content\/uploads\/2024\/05\/L1020626-scaled.jpeg 1707w\" sizes=\"(max-width: 683px) 100vw, 683px\" \/><figcaption>Foto: Chris Wolff<\/figcaption><\/figure>\n<\/div>\n<\/div>\n\n\n\n<p><\/p>\n","protected":false},"excerpt":{"rendered":"<p>Neuigkeiten &#8211; Im M\u00e4rz 2026 hat &#8220;Meister Floh&#8221;* seine Premiere am Staatstheater Mainz. Zuletzt entstanden die Arbeiten &#8220;Das Ende von Iflingen&#8221; (Thalia Theater) und &#8220;Falscher Hase&#8221; (Theater Koblenz). Unter den Men\u00fcpunkten &#8220;Regie&#8221;, &#8220;Sprache&#8221; und &#8220;Heterotopien&#8221; finden Sie einen \u00dcberblick \u00fcber meine weiteren Arbeiten und Projekte. (* externer Link)<\/p>\n","protected":false},"author":1,"featured_media":0,"parent":0,"menu_order":0,"comment_status":"closed","ping_status":"closed","template":"","meta":{"ngg_post_thumbnail":0},"_links":{"self":[{"href":"https:\/\/woodymues.de\/main\/wp-json\/wp\/v2\/pages\/74"}],"collection":[{"href":"https:\/\/woodymues.de\/main\/wp-json\/wp\/v2\/pages"}],"about":[{"href":"https:\/\/woodymues.de\/main\/wp-json\/wp\/v2\/types\/page"}],"author":[{"embeddable":true,"href":"https:\/\/woodymues.de\/main\/wp-json\/wp\/v2\/users\/1"}],"replies":[{"embeddable":true,"href":"https:\/\/woodymues.de\/main\/wp-json\/wp\/v2\/comments?post=74"}],"version-history":[{"count":10,"href":"https:\/\/woodymues.de\/main\/wp-json\/wp\/v2\/pages\/74\/revisions"}],"predecessor-version":[{"id":1468,"href":"https:\/\/woodymues.de\/main\/wp-json\/wp\/v2\/pages\/74\/revisions\/1468"}],"wp:attachment":[{"href":"https:\/\/woodymues.de\/main\/wp-json\/wp\/v2\/media?parent=74"}],"curies":[{"name":"wp","href":"https:\/\/api.w.org\/{rel}","templated":true}]}}