{"id":589,"date":"2021-02-17T18:42:16","date_gmt":"2021-02-17T17:42:16","guid":{"rendered":"http:\/\/woodymues.de\/main\/?page_id=589"},"modified":"2022-12-08T19:14:32","modified_gmt":"2022-12-08T18:14:32","slug":"horst-blau","status":"publish","type":"page","link":"https:\/\/woodymues.de\/main\/horst-blau\/","title":{"rendered":"Horst Blau"},"content":{"rendered":"\n<figure class=\"wp-block-gallery aligncenter columns-5 is-cropped\"><ul class=\"blocks-gallery-grid\"><li class=\"blocks-gallery-item\"><figure><a href=\"http:\/\/woodymues.de\/main\/wp-content\/uploads\/2021\/02\/horst_flyer_front.jpg\"><img loading=\"lazy\" width=\"726\" height=\"1024\" src=\"http:\/\/woodymues.de\/main\/wp-content\/uploads\/2021\/02\/horst_flyer_front-726x1024.jpg\" alt=\"\" data-id=\"591\" data-full-url=\"http:\/\/woodymues.de\/main\/wp-content\/uploads\/2021\/02\/horst_flyer_front.jpg\" data-link=\"http:\/\/woodymues.de\/main\/?attachment_id=591\" class=\"wp-image-591\" srcset=\"https:\/\/woodymues.de\/main\/wp-content\/uploads\/2021\/02\/horst_flyer_front-726x1024.jpg 726w, https:\/\/woodymues.de\/main\/wp-content\/uploads\/2021\/02\/horst_flyer_front-213x300.jpg 213w, https:\/\/woodymues.de\/main\/wp-content\/uploads\/2021\/02\/horst_flyer_front-768x1083.jpg 768w, https:\/\/woodymues.de\/main\/wp-content\/uploads\/2021\/02\/horst_flyer_front.jpg 800w\" sizes=\"(max-width: 726px) 100vw, 726px\" \/><\/a><\/figure><\/li><li class=\"blocks-gallery-item\"><figure><a href=\"http:\/\/woodymues.de\/main\/wp-content\/uploads\/2021\/02\/HB_T_Flyer_F.jpg\"><img loading=\"lazy\" width=\"730\" height=\"1024\" src=\"http:\/\/woodymues.de\/main\/wp-content\/uploads\/2021\/02\/HB_T_Flyer_F-730x1024.jpg\" alt=\"\" data-id=\"592\" data-full-url=\"http:\/\/woodymues.de\/main\/wp-content\/uploads\/2021\/02\/HB_T_Flyer_F.jpg\" data-link=\"http:\/\/woodymues.de\/main\/?attachment_id=592\" class=\"wp-image-592\" srcset=\"https:\/\/woodymues.de\/main\/wp-content\/uploads\/2021\/02\/HB_T_Flyer_F-730x1024.jpg 730w, https:\/\/woodymues.de\/main\/wp-content\/uploads\/2021\/02\/HB_T_Flyer_F-214x300.jpg 214w, https:\/\/woodymues.de\/main\/wp-content\/uploads\/2021\/02\/HB_T_Flyer_F-768x1077.jpg 768w, https:\/\/woodymues.de\/main\/wp-content\/uploads\/2021\/02\/HB_T_Flyer_F-1096x1536.jpg 1096w, https:\/\/woodymues.de\/main\/wp-content\/uploads\/2021\/02\/HB_T_Flyer_F.jpg 1264w\" sizes=\"(max-width: 730px) 100vw, 730px\" \/><\/a><\/figure><\/li><li class=\"blocks-gallery-item\"><figure><a href=\"http:\/\/woodymues.de\/main\/wp-content\/uploads\/2021\/02\/endentwurf.jpg\"><img loading=\"lazy\" width=\"723\" height=\"1024\" src=\"http:\/\/woodymues.de\/main\/wp-content\/uploads\/2021\/02\/endentwurf-723x1024.jpg\" alt=\"\" data-id=\"595\" data-full-url=\"http:\/\/woodymues.de\/main\/wp-content\/uploads\/2021\/02\/endentwurf.jpg\" data-link=\"http:\/\/woodymues.de\/main\/?attachment_id=595\" class=\"wp-image-595\" srcset=\"https:\/\/woodymues.de\/main\/wp-content\/uploads\/2021\/02\/endentwurf-723x1024.jpg 723w, https:\/\/woodymues.de\/main\/wp-content\/uploads\/2021\/02\/endentwurf-212x300.jpg 212w, https:\/\/woodymues.de\/main\/wp-content\/uploads\/2021\/02\/endentwurf-768x1088.jpg 768w, https:\/\/woodymues.de\/main\/wp-content\/uploads\/2021\/02\/endentwurf.jpg 877w\" sizes=\"(max-width: 723px) 100vw, 723px\" \/><\/a><\/figure><\/li><li class=\"blocks-gallery-item\"><figure><a href=\"http:\/\/woodymues.de\/main\/wp-content\/uploads\/2021\/02\/spielen-gehen_flyer.jpg\"><img loading=\"lazy\" width=\"722\" height=\"1024\" src=\"http:\/\/woodymues.de\/main\/wp-content\/uploads\/2021\/02\/spielen-gehen_flyer-722x1024.jpg\" alt=\"\" data-id=\"590\" data-full-url=\"http:\/\/woodymues.de\/main\/wp-content\/uploads\/2021\/02\/spielen-gehen_flyer.jpg\" data-link=\"http:\/\/woodymues.de\/main\/?attachment_id=590\" class=\"wp-image-590\" srcset=\"https:\/\/woodymues.de\/main\/wp-content\/uploads\/2021\/02\/spielen-gehen_flyer-722x1024.jpg 722w, https:\/\/woodymues.de\/main\/wp-content\/uploads\/2021\/02\/spielen-gehen_flyer-211x300.jpg 211w, https:\/\/woodymues.de\/main\/wp-content\/uploads\/2021\/02\/spielen-gehen_flyer-768x1090.jpg 768w, https:\/\/woodymues.de\/main\/wp-content\/uploads\/2021\/02\/spielen-gehen_flyer-1083x1536.jpg 1083w, https:\/\/woodymues.de\/main\/wp-content\/uploads\/2021\/02\/spielen-gehen_flyer-1444x2048.jpg 1444w, https:\/\/woodymues.de\/main\/wp-content\/uploads\/2021\/02\/spielen-gehen_flyer.jpg 1748w\" sizes=\"(max-width: 722px) 100vw, 722px\" \/><\/a><\/figure><\/li><li class=\"blocks-gallery-item\"><figure><a href=\"http:\/\/woodymues.de\/main\/wp-content\/uploads\/2021\/02\/druck_horst_trNumen-Flyer-front.jpg\"><img loading=\"lazy\" width=\"731\" height=\"1024\" src=\"http:\/\/woodymues.de\/main\/wp-content\/uploads\/2021\/02\/druck_horst_trNumen-Flyer-front-731x1024.jpg\" alt=\"\" data-id=\"596\" data-full-url=\"http:\/\/woodymues.de\/main\/wp-content\/uploads\/2021\/02\/druck_horst_trNumen-Flyer-front.jpg\" data-link=\"http:\/\/woodymues.de\/main\/?attachment_id=596\" class=\"wp-image-596\" srcset=\"https:\/\/woodymues.de\/main\/wp-content\/uploads\/2021\/02\/druck_horst_trNumen-Flyer-front-731x1024.jpg 731w, https:\/\/woodymues.de\/main\/wp-content\/uploads\/2021\/02\/druck_horst_trNumen-Flyer-front-214x300.jpg 214w, https:\/\/woodymues.de\/main\/wp-content\/uploads\/2021\/02\/druck_horst_trNumen-Flyer-front-768x1076.jpg 768w, https:\/\/woodymues.de\/main\/wp-content\/uploads\/2021\/02\/druck_horst_trNumen-Flyer-front-1096x1536.jpg 1096w, https:\/\/woodymues.de\/main\/wp-content\/uploads\/2021\/02\/druck_horst_trNumen-Flyer-front-1461x2048.jpg 1461w, https:\/\/woodymues.de\/main\/wp-content\/uploads\/2021\/02\/druck_horst_trNumen-Flyer-front.jpg 1500w\" sizes=\"(max-width: 731px) 100vw, 731px\" \/><\/a><\/figure><\/li><\/ul><figcaption class=\"blocks-gallery-caption\">Illustrationen: Janis Vernier, Mara Wild<\/figcaption><\/figure>\n\n\n\n<p><br><br><\/p>\n\n\n\n<div class=\"wp-block-image\"><figure class=\"aligncenter size-full is-resized\"><img loading=\"lazy\" src=\"http:\/\/woodymues.de\/main\/wp-content\/uploads\/2021\/02\/Bildschirmfoto-2021-02-28-um-00.58.30.png\" alt=\"\" class=\"wp-image-985\" width=\"912\" height=\"642\" srcset=\"https:\/\/woodymues.de\/main\/wp-content\/uploads\/2021\/02\/Bildschirmfoto-2021-02-28-um-00.58.30.png 1216w, https:\/\/woodymues.de\/main\/wp-content\/uploads\/2021\/02\/Bildschirmfoto-2021-02-28-um-00.58.30-300x211.png 300w, https:\/\/woodymues.de\/main\/wp-content\/uploads\/2021\/02\/Bildschirmfoto-2021-02-28-um-00.58.30-1024x721.png 1024w, https:\/\/woodymues.de\/main\/wp-content\/uploads\/2021\/02\/Bildschirmfoto-2021-02-28-um-00.58.30-768x541.png 768w\" sizes=\"(max-width: 912px) 100vw, 912px\" \/><\/figure><\/div>\n\n\n\n<div class=\"wp-block-columns are-vertically-aligned-center\">\n<div class=\"wp-block-column is-vertically-aligned-center\" style=\"flex-basis:66.66%\">\n<h1>Horst Blau<\/h1>\n\n\n\n<p>Anfang der 2010er-Jahre hatten wir einen w\u00f6chentlichen Spieleabend in einem noch aus Schulzeiten gewachsenen Freundeskreis. Da sa\u00dfen Germanistikstudierende, Handwerker:innen, K\u00fcnstler:innen, Veranstaltungskaufleute, DJ:s und andere Musiker:innen, Informatiker:innen&#8230; und ich dachte immer &#8220;Hier sitzen so viele Kompetenzen zusammen, wir m\u00fcssen doch einfach Mal was Gr\u00f6\u00dferes zusammen machen!&#8221;.<\/p>\n\n\n\n<p>Als mir 2014 angeboten wurde, die Leitung des Kunstbereichs auf dem Skandal\u00f8s-Festival zu \u00fcbernehmen, nahm ich die Freund:innen mit und wir bauten zusammen ein Theaterzelt.<\/p>\n\n\n\n<p>Dann kamen Chaos, Abenteuer und sehr, sehr viel Schwei\u00df &#8211; schlie\u00dflich stand unser blaues Zelt samt Dielenboden am H\u00fclltofter Tief und trotzte dem nordfriesischen Wind. Tags\u00fcber Theater, Performance und Lesungen, nachts wummerten die B\u00e4sse und der Dielenboden federte im Takt.<\/p>\n\n\n\n<p>Die Mischung aus Theater, Bauaktionen, Ambiente und Dancefloor hat uns solche Freude bereitet, dass wir weitermachen mussten. Es folgten nach \u00e4hnlich ganzheitlichem Aspekt diverse Mini-Festivals in Hamburg, f\u00fcr die wir Plattformen, Labyrinthe oder B\u00e4lleb\u00e4der in die Clubs bauten. Neben dem Skandal\u00f8s-Festival toben wir uns seit einigen Jahren auch in einem Schuhkarton aus, der auf einem ehemaligen Flugplatz in der N\u00e4he von L\u00e4rz steht.<\/p>\n\n\n\n<p>Termine, Ank\u00fcndigungen, Hintergr\u00fcnde und mehr gibt es auch auf: <a href=\"http:\/\/horstblau.de\"><strong>horstblau.de<\/strong><\/a><\/p>\n<\/div>\n\n\n\n<div class=\"wp-block-column is-vertically-aligned-center\"><\/div>\n\n\n\n<div class=\"wp-block-column is-vertically-aligned-center\" style=\"flex-basis:33.33%\">\n<p><br><\/p>\n\n\n\n<a target=\"_blank\" href=\"https:\/\/youtu.be\/J9AjlAvgTWQ\" rel=\"noopener noreferrer\"> \n<div id=\"cf\">\n  <img class=\"bottom\" src=\"\/main\/images\/player\/Horst_traum.png\">\n  <img class=\"bottom\" src=\"\/main\/images\/player\/playbutton_orange.png\">\n  <img class=\"top\" src=\"\/main\/images\/player\/playbutton_grau.png\">\n<\/div>\n<\/a>\n\n\n\n<div class=\"wp-block-group\"><div class=\"wp-block-group__inner-container\">\n<p class=\"has-text-align-center has-text-color has-small-font-size\" style=\"color:#929292\">Trailer zu &#8220;Horst Blau geht tr\u00e4umen&#8221; <br>(Externer Link zu Youtube)<\/p>\n\n\n\n<p class=\"has-text-color\" style=\"color:#121212\">&#8211;<\/p>\n<\/div><\/div>\n\n\n\n<a target=\"_blank\" href=\"https:\/\/youtu.be\/CQr-_6Dnlcg\" rel=\"noopener noreferrer\"> \n<div id=\"cf\">\n  <img class=\"bottom\" src=\"\/main\/images\/player\/Horst_verloren.png\">\n  <img class=\"bottom\" src=\"\/main\/images\/player\/playbutton_orange.png\">\n  <img class=\"top\" src=\"\/main\/images\/player\/playbutton_grau.png\">\n<\/div>\n<\/a>\n\n\n\n<div class=\"wp-block-group\"><div class=\"wp-block-group__inner-container\">\n<p class=\"has-text-align-center has-text-color has-small-font-size\" style=\"color:#929292\">After-Movie von &#8220;Horst Blau geht verloren&#8221; <br>(Externer Link zu Youtube)<\/p>\n\n\n\n<p class=\"has-text-color\" style=\"color:#121212\">&#8211;<\/p>\n<\/div><\/div>\n\n\n\n<a target=\"_blank\" href=\"https:\/\/youtu.be\/dtDviX21hS0\" rel=\"noopener noreferrer\"> \n<div id=\"cf\">\n  <img class=\"bottom\" src=\"\/main\/images\/player\/horst_tauchen.png\">\n  <img class=\"bottom\" src=\"\/main\/images\/player\/playbutton_orange.png\">\n  <img class=\"top\" src=\"\/main\/images\/player\/playbutton_grau.png\">\n<\/div>\n<\/a>\n\n\n\n<div class=\"wp-block-group\"><div class=\"wp-block-group__inner-container\">\n<p class=\"has-text-align-center has-text-color has-small-font-size\" style=\"color:#929292\">Trailer zu &#8220;Horst Blau geht tauchen&#8221; <br>(Externer Link zu Youtube)<\/p>\n\n\n\n<p class=\"has-text-color\" style=\"color:#121212\">&#8211;<\/p>\n<\/div><\/div>\n<\/div>\n<\/div>\n","protected":false},"excerpt":{"rendered":"<p>Horst Blau Anfang der 2010er-Jahre hatten wir einen w\u00f6chentlichen Spieleabend in einem noch aus Schulzeiten gewachsenen Freundeskreis. Da sa\u00dfen Germanistikstudierende, Handwerker:innen, K\u00fcnstler:innen, Veranstaltungskaufleute, DJ:s und andere Musiker:innen, Informatiker:innen&#8230; und ich dachte immer &#8220;Hier sitzen so viele Kompetenzen zusammen, wir m\u00fcssen doch einfach Mal was Gr\u00f6\u00dferes zusammen machen!&#8221;. Als mir 2014 angeboten wurde, die Leitung des [&hellip;]<\/p>\n","protected":false},"author":1,"featured_media":0,"parent":0,"menu_order":0,"comment_status":"closed","ping_status":"closed","template":"","meta":{"ngg_post_thumbnail":0},"_links":{"self":[{"href":"https:\/\/woodymues.de\/main\/wp-json\/wp\/v2\/pages\/589"}],"collection":[{"href":"https:\/\/woodymues.de\/main\/wp-json\/wp\/v2\/pages"}],"about":[{"href":"https:\/\/woodymues.de\/main\/wp-json\/wp\/v2\/types\/page"}],"author":[{"embeddable":true,"href":"https:\/\/woodymues.de\/main\/wp-json\/wp\/v2\/users\/1"}],"replies":[{"embeddable":true,"href":"https:\/\/woodymues.de\/main\/wp-json\/wp\/v2\/comments?post=589"}],"version-history":[{"count":10,"href":"https:\/\/woodymues.de\/main\/wp-json\/wp\/v2\/pages\/589\/revisions"}],"predecessor-version":[{"id":1337,"href":"https:\/\/woodymues.de\/main\/wp-json\/wp\/v2\/pages\/589\/revisions\/1337"}],"wp:attachment":[{"href":"https:\/\/woodymues.de\/main\/wp-json\/wp\/v2\/media?parent=589"}],"curies":[{"name":"wp","href":"https:\/\/api.w.org\/{rel}","templated":true}]}}