{"id":347,"date":"2020-12-07T00:21:31","date_gmt":"2020-12-06T23:21:31","guid":{"rendered":"http:\/\/woodymues.de\/main\/?page_id=347"},"modified":"2021-04-08T16:15:26","modified_gmt":"2021-04-08T14:15:26","slug":"lenz","status":"publish","type":"page","link":"https:\/\/woodymues.de\/main\/lenz\/","title":{"rendered":"lenz"},"content":{"rendered":"\n<div class=\"wp-block-columns\">\n<div class=\"wp-block-column\" style=\"flex-basis:66.66%\">\n<div class=\"wp-block-group\"><div class=\"wp-block-group__inner-container\">\n<h1>lenz. ein fragment<\/h1>\n\n\n\n<h2>St\u00fcck nach der Novelle von Georg B\u00fcchner<br>21. &amp; 22.04.2018, Sprechwerk (Hamburg)<\/h2>\n\n\n\n<p>Ein Performer stellt sich B\u00fcchners Novellen-Fragment Lenz und dessen namensgebenden Protagonisten.&nbsp;<\/p>\n\n\n\n<p>Auf der Suche nach dem Zugang zur Figur Lenz schwindet die Distanz des Performers zum Text.&nbsp;Er beginnt, die eigene, einsame Stimme als etwas Fremdes zu h\u00f6ren. Schl\u00fcpft er zun\u00e4chst testweise in die Figur, um sie zu verstehen und sich einzuf\u00fchlen, f\u00e4llt es ihm zunehmend schwer, sich wieder aus der Figur zu l\u00f6sen.&nbsp;<\/p>\n\n\n\n<p>Schemenhafte Gestalten treten zu ihm, die aus B\u00fcchners Welt zu kommen scheinen. Sie sind die anderen, die Landbewohner und ihre Blicke, in denen sich Lenz zunehmend als fremd erlebt. Und sie sind die fiebrigen Gedanken Lenzens, die ihn in manische H\u00f6hen heben und in selbstzerst\u00f6rerische Tiefen schmettern. Sie binden den Performer in die Welt B\u00fcchners und die Figur des Lenz, bis er g\u00e4nzlich in der Figur gefangen ist und sich aus ihr nicht mehr befreien kann, sodass er am Ende zusammen mit dem B\u00fchnenbild abgebaut werden muss.<\/p>\n\n\n\n<div class=\"wp-block-columns\">\n<div class=\"wp-block-column\">\n<p><strong>Spiel: <\/strong>Miguel Jachmann<br><strong>Regie:<\/strong> Woody Mues<br><strong>Dramaturgie:<\/strong>&nbsp;Leon&nbsp;Frisch<br><strong>B\u00fchne:<\/strong> Janis Vernier<br><strong>Kost\u00fcm:<\/strong> Lillo Aline&nbsp;D\u00f6nselmann<\/p>\n<\/div>\n\n\n\n<div class=\"wp-block-column\">\n<p><strong>Sound:<\/strong> Funcky<br><strong>Licht:<\/strong> Lorenz Nolting<br><strong>Bewegungschor:<\/strong> Saskia Corleis, Hannah Ehlers, Jakob Engler, Pauline Vernier, Timo&nbsp;Str\u00fcbing<\/p>\n<\/div>\n<\/div>\n<\/div><\/div>\n\n\n\n<figure class=\"wp-block-image size-large\"><a href=\"http:\/\/woodymues.de\/main\/wp-content\/uploads\/2021\/02\/DSC9666_Buechner-.jpg\"><img loading=\"lazy\" width=\"1024\" height=\"683\" src=\"http:\/\/woodymues.de\/main\/wp-content\/uploads\/2021\/02\/DSC9666_Buechner--1024x683.jpg\" alt=\"\" class=\"wp-image-826\" srcset=\"https:\/\/woodymues.de\/main\/wp-content\/uploads\/2021\/02\/DSC9666_Buechner--1024x683.jpg 1024w, https:\/\/woodymues.de\/main\/wp-content\/uploads\/2021\/02\/DSC9666_Buechner--300x200.jpg 300w, https:\/\/woodymues.de\/main\/wp-content\/uploads\/2021\/02\/DSC9666_Buechner--768x512.jpg 768w, https:\/\/woodymues.de\/main\/wp-content\/uploads\/2021\/02\/DSC9666_Buechner--1536x1024.jpg 1536w, https:\/\/woodymues.de\/main\/wp-content\/uploads\/2021\/02\/DSC9666_Buechner-.jpg 2048w\" sizes=\"(max-width: 1024px) 100vw, 1024px\" \/><\/a><\/figure>\n<\/div>\n\n\n\n<div class=\"wp-block-column\" style=\"flex-basis:33.33%\">\n<figure class=\"wp-block-image size-large\"><a href=\"http:\/\/woodymues.de\/main\/wp-content\/uploads\/2021\/02\/DSC9604_Buechner-Kopie.jpg\"><img loading=\"lazy\" width=\"1024\" height=\"683\" src=\"http:\/\/woodymues.de\/main\/wp-content\/uploads\/2021\/02\/DSC9604_Buechner-Kopie-1024x683.jpg\" alt=\"\" class=\"wp-image-821\" srcset=\"https:\/\/woodymues.de\/main\/wp-content\/uploads\/2021\/02\/DSC9604_Buechner-Kopie-1024x683.jpg 1024w, https:\/\/woodymues.de\/main\/wp-content\/uploads\/2021\/02\/DSC9604_Buechner-Kopie-300x200.jpg 300w, https:\/\/woodymues.de\/main\/wp-content\/uploads\/2021\/02\/DSC9604_Buechner-Kopie-768x512.jpg 768w, https:\/\/woodymues.de\/main\/wp-content\/uploads\/2021\/02\/DSC9604_Buechner-Kopie-1536x1024.jpg 1536w, https:\/\/woodymues.de\/main\/wp-content\/uploads\/2021\/02\/DSC9604_Buechner-Kopie.jpg 2048w\" sizes=\"(max-width: 1024px) 100vw, 1024px\" \/><\/a><\/figure>\n\n\n\n<figure class=\"wp-block-image size-large\"><a href=\"http:\/\/woodymues.de\/main\/wp-content\/uploads\/2021\/02\/DSC9619_Buechner-Kopie.jpg\"><img loading=\"lazy\" width=\"1024\" height=\"683\" src=\"http:\/\/woodymues.de\/main\/wp-content\/uploads\/2021\/02\/DSC9619_Buechner-Kopie-1024x683.jpg\" alt=\"\" class=\"wp-image-822\" srcset=\"https:\/\/woodymues.de\/main\/wp-content\/uploads\/2021\/02\/DSC9619_Buechner-Kopie-1024x683.jpg 1024w, https:\/\/woodymues.de\/main\/wp-content\/uploads\/2021\/02\/DSC9619_Buechner-Kopie-300x200.jpg 300w, https:\/\/woodymues.de\/main\/wp-content\/uploads\/2021\/02\/DSC9619_Buechner-Kopie-768x512.jpg 768w, https:\/\/woodymues.de\/main\/wp-content\/uploads\/2021\/02\/DSC9619_Buechner-Kopie-1536x1024.jpg 1536w, https:\/\/woodymues.de\/main\/wp-content\/uploads\/2021\/02\/DSC9619_Buechner-Kopie.jpg 2048w\" sizes=\"(max-width: 1024px) 100vw, 1024px\" \/><\/a><\/figure>\n\n\n\n<figure class=\"wp-block-image size-large\"><a href=\"http:\/\/woodymues.de\/main\/wp-content\/uploads\/2021\/02\/DSC9623_Buechner-Kopie.jpg\"><img loading=\"lazy\" width=\"683\" height=\"1024\" src=\"http:\/\/woodymues.de\/main\/wp-content\/uploads\/2021\/02\/DSC9623_Buechner-Kopie-683x1024.jpg\" alt=\"\" class=\"wp-image-823\" srcset=\"https:\/\/woodymues.de\/main\/wp-content\/uploads\/2021\/02\/DSC9623_Buechner-Kopie-683x1024.jpg 683w, https:\/\/woodymues.de\/main\/wp-content\/uploads\/2021\/02\/DSC9623_Buechner-Kopie-200x300.jpg 200w, https:\/\/woodymues.de\/main\/wp-content\/uploads\/2021\/02\/DSC9623_Buechner-Kopie-768x1152.jpg 768w, https:\/\/woodymues.de\/main\/wp-content\/uploads\/2021\/02\/DSC9623_Buechner-Kopie-1024x1536.jpg 1024w, https:\/\/woodymues.de\/main\/wp-content\/uploads\/2021\/02\/DSC9623_Buechner-Kopie.jpg 1365w\" sizes=\"(max-width: 683px) 100vw, 683px\" \/><\/a><\/figure>\n<\/div>\n<\/div>\n\n\n\n<figure class=\"wp-block-image size-large\"><a href=\"http:\/\/woodymues.de\/main\/wp-content\/uploads\/2021\/03\/DSC9674_Buechner-.jpg\"><img loading=\"lazy\" width=\"1024\" height=\"683\" src=\"http:\/\/woodymues.de\/main\/wp-content\/uploads\/2021\/03\/DSC9674_Buechner--1024x683.jpg\" alt=\"\" class=\"wp-image-1076\" srcset=\"https:\/\/woodymues.de\/main\/wp-content\/uploads\/2021\/03\/DSC9674_Buechner--1024x683.jpg 1024w, https:\/\/woodymues.de\/main\/wp-content\/uploads\/2021\/03\/DSC9674_Buechner--300x200.jpg 300w, https:\/\/woodymues.de\/main\/wp-content\/uploads\/2021\/03\/DSC9674_Buechner--768x512.jpg 768w, https:\/\/woodymues.de\/main\/wp-content\/uploads\/2021\/03\/DSC9674_Buechner--1536x1024.jpg 1536w, https:\/\/woodymues.de\/main\/wp-content\/uploads\/2021\/03\/DSC9674_Buechner-.jpg 2048w\" sizes=\"(max-width: 1024px) 100vw, 1024px\" \/><\/a><\/figure>\n\n\n\n<p>Fotos: Patrick Sobottka<\/p>\n","protected":false},"excerpt":{"rendered":"<p>Fotos: Patrick Sobottka<\/p>\n","protected":false},"author":1,"featured_media":0,"parent":0,"menu_order":0,"comment_status":"closed","ping_status":"closed","template":"","meta":{"ngg_post_thumbnail":0},"_links":{"self":[{"href":"https:\/\/woodymues.de\/main\/wp-json\/wp\/v2\/pages\/347"}],"collection":[{"href":"https:\/\/woodymues.de\/main\/wp-json\/wp\/v2\/pages"}],"about":[{"href":"https:\/\/woodymues.de\/main\/wp-json\/wp\/v2\/types\/page"}],"author":[{"embeddable":true,"href":"https:\/\/woodymues.de\/main\/wp-json\/wp\/v2\/users\/1"}],"replies":[{"embeddable":true,"href":"https:\/\/woodymues.de\/main\/wp-json\/wp\/v2\/comments?post=347"}],"version-history":[{"count":10,"href":"https:\/\/woodymues.de\/main\/wp-json\/wp\/v2\/pages\/347\/revisions"}],"predecessor-version":[{"id":1121,"href":"https:\/\/woodymues.de\/main\/wp-json\/wp\/v2\/pages\/347\/revisions\/1121"}],"wp:attachment":[{"href":"https:\/\/woodymues.de\/main\/wp-json\/wp\/v2\/media?parent=347"}],"curies":[{"name":"wp","href":"https:\/\/api.w.org\/{rel}","templated":true}]}}