{"id":1388,"date":"2024-05-13T11:36:23","date_gmt":"2024-05-13T09:36:23","guid":{"rendered":"https:\/\/woodymues.de\/main\/?page_id=1388"},"modified":"2024-05-13T11:39:36","modified_gmt":"2024-05-13T09:39:36","slug":"kindheit","status":"publish","type":"page","link":"https:\/\/woodymues.de\/main\/kindheit\/","title":{"rendered":"Kindheit"},"content":{"rendered":"\n<div class=\"wp-block-columns are-vertically-aligned-center\">\n<div class=\"wp-block-column is-vertically-aligned-center\" style=\"flex-basis:66.66%\">\n<div class=\"wp-block-group\"><div class=\"wp-block-group__inner-container\">\n<h1 class=\"has-text-align-left\">Kindheit<\/h1>\n\n\n\n<h2 class=\"has-text-align-left\">von Tove Ditlevsen, Lesung<\/h2>\n\n\n\n<h2 class=\"has-text-align-left\">22.06.2023, Nachtasyl<\/h2>\n\n\n\n<hr class=\"wp-block-separator is-style-wide\"\/>\n\n\n\n<p><em>&#8220;Am Morgen war die Hoffnung da. Sie sa\u00df als fl\u00fcchtiger Schimmer im glatten, schwarzen Haar meiner Mutter, das ich nie zu ber\u00fchren wagte, und sie lag mir auf der Zunge wie der Zucker im lauwarmen Haferbrei, den ich langsam verspeiste, w\u00e4hrend ich ihre schmalen, gefalteten H\u00e4nde betrachtete, die reglos auf den Zeitungsberichten \u00fcber die Spanische Grippe und den Versailler Vertrag ruhten. Mein Vater ging arbeiten, mein Bruder in die Schule. Also war meine Mutter allein, obwohl auch ich da war, und wenn ich mich nicht r\u00fchrte und nichts sagte, konnte die ferne Ruhe in ihrem seltsamen Herzen andauern, bis der Vormittag alt wurde und sie auf die Istedgade zum Einkaufen gehen musste wie die gew\u00f6hnlichen Hausfrauen.&#8221;<\/em><\/p>\n\n\n\n<hr class=\"wp-block-separator has-text-color has-background is-style-wide\" style=\"background-color:#929292;color:#929292\"\/>\n\n\n\n<p>Toves autofiktionaler Roman (der erste Band ihrer &#8220;Kopenhagen-Trilogie&#8221;) beschreibt ihr Aufwachsen als intelligente und hochsensible Tochter einer Arbeiterfamilie im Kopenhagen der 20er Jahre. Dem fr\u00fchen Ruf, Schriftstellerin zu werden, folgt sie durch die sexistischen und klassistischen Widerst\u00e4nde der Zeit. Ihr Schreiben ist gepr\u00e4gt von einer reduzierten, poetischen Sprache, von vielschichtigen Figurenzeichnungen und von einem trockenen und liebevollen Humor. Tove seziert in sch\u00e4rfsten und hochmodern anmutenden Beobachtungen die Gesellschaft, die zerst\u00f6rerischen Abreibungen toxischer Strukturen auf die nachwachsende Generation, die bigotte Sexualmoral ihrer Zeit, das Arbeiter:innenmilieu&nbsp;ihres Kopenhagens.<br><\/p>\n\n\n\n<p>Mit ihrer Autobiografie schrieb sich Tove in den sechziger Jahren aus einer schweren Alkohol- und Medikamentenabh\u00e4ngigkeit heraus. Dieser Modus der Selbstf\u00fcrsorge und der Selbst(wieder)findung durch die Selbstbeschreibung interessierten uns. Dar\u00fcber hinaus geht Toves\u00a0Schreiben extrem nah. Neben dem Konkreten und pr\u00e4zise gefassten Eigenen zieht sich auch immer das Allgemeine, Vertraute durch ihre Texte.<\/p>\n\n\n\n<p>So haben wir in gro\u00dfer Sorgfalt eine Fassung erstellt, die bei einer Dauer von ca. 85 Minuten den gesamten ersten Band umfasst. Dabei haben wir unseren Fokus darauf gelegt, Toves Tonfall und ihrer poetisch-dichten Sprache gerecht zu bleiben. Das Zusammenspiel der Stimmen von Gesa Geue und Felix Knopp tr\u00e4gt diese Sprache behutsam und in der gew\u00e4hlten Form der nahtlosen Textaufteilung wurde es m\u00f6glich, den spezifisch weiblich-perspektivischen Stoff gemeinsam und aus einem Atem heraus zu sprechen.<\/p>\n\n\n\n<hr class=\"wp-block-separator is-style-wide\"\/>\n\n\n\n<div class=\"wp-block-columns\">\n<div class=\"wp-block-column\">\n<p><strong>Mit<\/strong>: <br>Gesa Geue<br>Felix Knopp<br><strong>Regie<\/strong>: Woody Mues<br><br><\/p>\n<\/div>\n\n\n\n<div class=\"wp-block-column\">\n<p><strong>B\u00fchne<\/strong>: Antonia Kamp<br><strong>Kost\u00fcm<\/strong>: Daniel Goergens<br><strong>Dramaturgie<\/strong>: Elvin Ilhan<br><\/p>\n<\/div>\n<\/div>\n<\/div><\/div>\n<\/div>\n\n\n\n<div class=\"wp-block-column is-vertically-aligned-center\" style=\"flex-basis:33.33%\">\n<figure class=\"wp-block-image size-large\"><a href=\"https:\/\/woodymues.de\/main\/wp-content\/uploads\/2024\/05\/kindheit-1.jpg\"><img loading=\"lazy\" width=\"683\" height=\"1024\" src=\"https:\/\/woodymues.de\/main\/wp-content\/uploads\/2024\/05\/kindheit-1-683x1024.jpg\" alt=\"\" class=\"wp-image-1389\" srcset=\"https:\/\/woodymues.de\/main\/wp-content\/uploads\/2024\/05\/kindheit-1-683x1024.jpg 683w, https:\/\/woodymues.de\/main\/wp-content\/uploads\/2024\/05\/kindheit-1-200x300.jpg 200w, https:\/\/woodymues.de\/main\/wp-content\/uploads\/2024\/05\/kindheit-1-768x1152.jpg 768w, https:\/\/woodymues.de\/main\/wp-content\/uploads\/2024\/05\/kindheit-1-1024x1536.jpg 1024w, https:\/\/woodymues.de\/main\/wp-content\/uploads\/2024\/05\/kindheit-1-1365x2048.jpg 1365w, https:\/\/woodymues.de\/main\/wp-content\/uploads\/2024\/05\/kindheit-1.jpg 1400w\" sizes=\"(max-width: 683px) 100vw, 683px\" \/><\/a><\/figure>\n\n\n\n<figure class=\"wp-block-image size-large\"><a href=\"https:\/\/woodymues.de\/main\/wp-content\/uploads\/2024\/05\/kindheit-2.jpg\"><img loading=\"lazy\" width=\"683\" height=\"1024\" src=\"https:\/\/woodymues.de\/main\/wp-content\/uploads\/2024\/05\/kindheit-2-683x1024.jpg\" alt=\"\" class=\"wp-image-1390\" srcset=\"https:\/\/woodymues.de\/main\/wp-content\/uploads\/2024\/05\/kindheit-2-683x1024.jpg 683w, https:\/\/woodymues.de\/main\/wp-content\/uploads\/2024\/05\/kindheit-2-200x300.jpg 200w, https:\/\/woodymues.de\/main\/wp-content\/uploads\/2024\/05\/kindheit-2-768x1152.jpg 768w, https:\/\/woodymues.de\/main\/wp-content\/uploads\/2024\/05\/kindheit-2-1024x1536.jpg 1024w, https:\/\/woodymues.de\/main\/wp-content\/uploads\/2024\/05\/kindheit-2-1365x2048.jpg 1365w, https:\/\/woodymues.de\/main\/wp-content\/uploads\/2024\/05\/kindheit-2.jpg 1400w\" sizes=\"(max-width: 683px) 100vw, 683px\" \/><\/a><figcaption>Fotos: Yelda Yilmaz<\/figcaption><\/figure>\n\n\n\n<p class=\"has-text-color\" style=\"color:#121212\"><\/p>\n\n\n\n<div class=\"wp-block-group\"><div class=\"wp-block-group__inner-container\"><\/div><\/div>\n\n\n\n<div class=\"wp-block-group\"><div class=\"wp-block-group__inner-container\"><\/div><\/div>\n<\/div>\n<\/div>\n\n\n\n<p><\/p>\n","protected":false},"excerpt":{"rendered":"","protected":false},"author":1,"featured_media":0,"parent":0,"menu_order":0,"comment_status":"closed","ping_status":"closed","template":"","meta":{"ngg_post_thumbnail":0},"_links":{"self":[{"href":"https:\/\/woodymues.de\/main\/wp-json\/wp\/v2\/pages\/1388"}],"collection":[{"href":"https:\/\/woodymues.de\/main\/wp-json\/wp\/v2\/pages"}],"about":[{"href":"https:\/\/woodymues.de\/main\/wp-json\/wp\/v2\/types\/page"}],"author":[{"embeddable":true,"href":"https:\/\/woodymues.de\/main\/wp-json\/wp\/v2\/users\/1"}],"replies":[{"embeddable":true,"href":"https:\/\/woodymues.de\/main\/wp-json\/wp\/v2\/comments?post=1388"}],"version-history":[{"count":2,"href":"https:\/\/woodymues.de\/main\/wp-json\/wp\/v2\/pages\/1388\/revisions"}],"predecessor-version":[{"id":1392,"href":"https:\/\/woodymues.de\/main\/wp-json\/wp\/v2\/pages\/1388\/revisions\/1392"}],"wp:attachment":[{"href":"https:\/\/woodymues.de\/main\/wp-json\/wp\/v2\/media?parent=1388"}],"curies":[{"name":"wp","href":"https:\/\/api.w.org\/{rel}","templated":true}]}}